{"id":598278,"date":"2026-02-10T04:02:50","date_gmt":"2026-02-10T02:02:50","guid":{"rendered":"https:\/\/www.myperfectgarden.eu\/p\/schizophragma-hydr-snow-sensation-2\/"},"modified":"2026-05-12T04:04:08","modified_gmt":"2026-05-12T02:04:08","slug":"schizophragma-hydr-snow-sensation-2","status":"publish","type":"product","link":"https:\/\/www.myperfectgarden.eu\/de\/p\/schizophragma-hydr-snow-sensation-2\/","title":{"rendered":"Schizophragma hydr. &#8218;Snow Sensation&#8216;"},"content":{"rendered":"<p>Charmante Kletterpflanze mit herzf\u00f6rmigen bis breit-ovalen gr\u00fcnen Bl\u00e4ttern mit silbernem Glanz, die im Juni und Juli mit zart duftenden, flachen wei\u00dfen Bl\u00fcten bl\u00fchen.<\/p>\n","protected":false},"excerpt":{"rendered":"<p>Charmante Kletterpflanze mit herzf\u00f6rmigen bis breit-ovalen gr\u00fcnen Bl\u00e4ttern mit silbernem Glanz, die im Juni und Juli mit zart duftenden, flachen wei\u00dfen Bl\u00fcten bl\u00fchen.<\/p>\n","protected":false},"featured_media":0,"template":"","meta":{"_acf_changed":false},"product_brand":[],"product_cat":[252,71],"product_tag":[],"class_list":{"0":"post-598278","1":"product","2":"type-product","3":"status-publish","5":"product_cat-our-choice-upclimbers","6":"product_cat-upclimbers","7":"pa_bloemvruchtkleur-weiss","8":"pa_common-name-japanische-spalthortensie","9":"pa_leaf-color-grun","10":"pa_location-halbschattig","11":"pa_location-sonnig","12":"pa_max-height-300-de","13":"pa_min-height-65-cm","14":"pa_potsize-15-cm-de","16":"first","17":"instock","18":"product-type-simple"},"acf":[],"aioseo_notices":[],"_links":{"self":[{"href":"https:\/\/www.myperfectgarden.eu\/de\/wp-json\/wp\/v2\/product\/598278","targetHints":{"allow":["GET"]}}],"collection":[{"href":"https:\/\/www.myperfectgarden.eu\/de\/wp-json\/wp\/v2\/product"}],"about":[{"href":"https:\/\/www.myperfectgarden.eu\/de\/wp-json\/wp\/v2\/types\/product"}],"wp:attachment":[{"href":"https:\/\/www.myperfectgarden.eu\/de\/wp-json\/wp\/v2\/media?parent=598278"}],"wp:term":[{"taxonomy":"product_brand","embeddable":true,"href":"https:\/\/www.myperfectgarden.eu\/de\/wp-json\/wp\/v2\/product_brand?post=598278"},{"taxonomy":"product_cat","embeddable":true,"href":"https:\/\/www.myperfectgarden.eu\/de\/wp-json\/wp\/v2\/product_cat?post=598278"},{"taxonomy":"product_tag","embeddable":true,"href":"https:\/\/www.myperfectgarden.eu\/de\/wp-json\/wp\/v2\/product_tag?post=598278"}],"curies":[{"name":"wp","href":"https:\/\/api.w.org\/{rel}","templated":true}]}}