{"id":598250,"date":"2026-02-10T04:04:03","date_gmt":"2026-02-10T02:04:03","guid":{"rendered":"https:\/\/www.myperfectgarden.eu\/p\/lonicera-brownii-dropmore-scarlet\/"},"modified":"2026-05-01T04:06:24","modified_gmt":"2026-05-01T02:06:24","slug":"lonicera-brownii-dropmore-scarlet","status":"publish","type":"product","link":"https:\/\/www.myperfectgarden.eu\/de\/p\/lonicera-brownii-dropmore-scarlet\/","title":{"rendered":"Lonicera brownii &#8218;Dropmore Scarlet&#8216;"},"content":{"rendered":"<p>Lonicera dropmore Scarlet ist ein wundersch\u00f6nes Gei\u00dfblatt mit einer roten Bl\u00fctenfarbe. Bl\u00fcht \u00fcppig und mag einen Platz in voller Sonne oder im Halbschatten.<\/p>\n","protected":false},"excerpt":{"rendered":"<p>Lonicera dropmore Scarlet ist ein wundersch\u00f6nes Gei\u00dfblatt mit einer roten Bl\u00fctenfarbe. Bl\u00fcht \u00fcppig und mag einen Platz in voller Sonne oder im Halbschatten.<\/p>\n","protected":false},"featured_media":0,"template":"","meta":{"_acf_changed":false},"product_brand":[],"product_cat":[71],"product_tag":[],"class_list":{"0":"post-598250","1":"product","2":"type-product","3":"status-publish","5":"product_cat-upclimbers","6":"pa_bloemvruchtkleur-orange-de","7":"pa_common-name-geisblatt","8":"pa_common-name-kamperfoelie","9":"pa_leaf-color-grun","10":"pa_location-halbschattig","11":"pa_location-sonnig","12":"pa_max-height-300-de","13":"pa_min-height-65-cm","14":"pa_potsize-15-cm-de","16":"first","17":"instock","18":"product-type-simple"},"acf":[],"aioseo_notices":[],"_links":{"self":[{"href":"https:\/\/www.myperfectgarden.eu\/de\/wp-json\/wp\/v2\/product\/598250","targetHints":{"allow":["GET"]}}],"collection":[{"href":"https:\/\/www.myperfectgarden.eu\/de\/wp-json\/wp\/v2\/product"}],"about":[{"href":"https:\/\/www.myperfectgarden.eu\/de\/wp-json\/wp\/v2\/types\/product"}],"wp:attachment":[{"href":"https:\/\/www.myperfectgarden.eu\/de\/wp-json\/wp\/v2\/media?parent=598250"}],"wp:term":[{"taxonomy":"product_brand","embeddable":true,"href":"https:\/\/www.myperfectgarden.eu\/de\/wp-json\/wp\/v2\/product_brand?post=598250"},{"taxonomy":"product_cat","embeddable":true,"href":"https:\/\/www.myperfectgarden.eu\/de\/wp-json\/wp\/v2\/product_cat?post=598250"},{"taxonomy":"product_tag","embeddable":true,"href":"https:\/\/www.myperfectgarden.eu\/de\/wp-json\/wp\/v2\/product_tag?post=598250"}],"curies":[{"name":"wp","href":"https:\/\/api.w.org\/{rel}","templated":true}]}}