{"id":598192,"date":"2026-02-10T04:04:27","date_gmt":"2026-02-10T02:04:27","guid":{"rendered":"https:\/\/www.myperfectgarden.eu\/p\/ribes-lowberry-little-black-sugar\/"},"modified":"2026-04-16T04:08:14","modified_gmt":"2026-04-16T02:08:14","slug":"ribes-lowberry-little-black-sugar","status":"publish","type":"product","link":"https:\/\/www.myperfectgarden.eu\/de\/p\/ribes-lowberry-little-black-sugar\/","title":{"rendered":"Ribes Lowberry\u00ae &#8218;Little Black Sugar&#8217;\u00ae"},"content":{"rendered":"<p>Leckeres gr\u00fcnes Obst aus 100% biologischem Anbau. Das bedeutet, dass beim Anbau nur pflanzliche und tierische Materialien verwendet wurden. Der Topf und das Etikett bestehen aus recyceltem Kunststoff und sind somit eine saubere L\u00f6sung f\u00fcr die Umwelt.<br \/>\nRibes Lowberry Little Black Sugar&#8216; ist eine schwarze Johannisbeere. Der schwarze Johannisbeerstrauch bleibt kompakt und wird nur 80 bis 100 cm hoch. Er ist daher auch f\u00fcr einen kleinen Garten oder Balkon geeignet. Gegen Mitte Mai bl\u00fcht dieser Strauch mit unscheinbaren wei\u00df-rosa Bl\u00fcten und ist dann f\u00fcr best\u00e4ubende Insekten attraktiv. Nach der Bl\u00fcte entwickelt der Strauch schwarze, gl\u00e4nzende Beeren in gro\u00dfen B\u00fcscheln. F\u00fcr einen optimalen Ertrag und s\u00fc\u00dfere Beeren ben\u00f6tigt der Strauch direktes Sonnenlicht. Die Beeren dieses Strauches k\u00f6nnen ab Juni gepfl\u00fcckt werden. Die Fr\u00fcchte k\u00f6nnen frisch verzehrt werden, aber noch schmackhafter ist die Verarbeitung zu Marmelade oder Saft. Die Frucht ist vor allem durch das Getr\u00e4nk Cassis bekannt. Mit ihrem hohen Vitamin-C-Gehalt ist sie eine der ges\u00fcndesten Beeren. Der Strauch kann zwischen Februar und M\u00e4rz beschnitten werden, wobei nur die abgestorbenen Zweige entfernt werden sollten. Je weniger Sie beschneiden, desto gr\u00f6\u00dfer ist die Chance, dass sich Beeren bilden. Sie ist pflegeleicht und tr\u00e4gt bereits nach einem Jahr Fr\u00fcchte. Der Strauch verliert im Winter seine Bl\u00e4tter, kann aber problemlos Temperaturen bis zu -34 Grad Celsius aushalten.<\/p>\n","protected":false},"excerpt":{"rendered":"<p>Leckeres gr\u00fcnes Obst aus 100% biologischem Anbau. Das bedeutet, dass beim Anbau nur pflanzliche und tierische Materialien verwendet wurden. Der Topf und das Etikett bestehen aus recyceltem Kunststoff und sind somit eine saubere L\u00f6sung f\u00fcr die Umwelt. Ribes Lowberry Little Black Sugar&#8216; ist eine schwarze Johannisbeere. Der schwarze Johannisbeerstrauch bleibt kompakt und wird nur 80 [&hellip;]<\/p>\n","protected":false},"featured_media":0,"template":"","meta":{"_acf_changed":false},"product_brand":[],"product_cat":[253,213],"product_tag":[],"class_list":{"0":"post-598192","1":"product","2":"type-product","3":"status-publish","5":"product_cat-lubera","6":"product_cat-tasty-green","7":"pa_bloemvruchtkleur-schwarz","8":"pa_common-name-johannisbeere","9":"pa_leaf-color-grun","10":"pa_location-halbschattig","11":"pa_location-sonnig","12":"pa_max-height-85","13":"pa_min-height-45-cm-de","14":"pa_potsize-13-cm-de","16":"first","17":"instock","18":"product-type-simple"},"acf":[],"aioseo_notices":[],"_links":{"self":[{"href":"https:\/\/www.myperfectgarden.eu\/de\/wp-json\/wp\/v2\/product\/598192","targetHints":{"allow":["GET"]}}],"collection":[{"href":"https:\/\/www.myperfectgarden.eu\/de\/wp-json\/wp\/v2\/product"}],"about":[{"href":"https:\/\/www.myperfectgarden.eu\/de\/wp-json\/wp\/v2\/types\/product"}],"wp:attachment":[{"href":"https:\/\/www.myperfectgarden.eu\/de\/wp-json\/wp\/v2\/media?parent=598192"}],"wp:term":[{"taxonomy":"product_brand","embeddable":true,"href":"https:\/\/www.myperfectgarden.eu\/de\/wp-json\/wp\/v2\/product_brand?post=598192"},{"taxonomy":"product_cat","embeddable":true,"href":"https:\/\/www.myperfectgarden.eu\/de\/wp-json\/wp\/v2\/product_cat?post=598192"},{"taxonomy":"product_tag","embeddable":true,"href":"https:\/\/www.myperfectgarden.eu\/de\/wp-json\/wp\/v2\/product_tag?post=598192"}],"curies":[{"name":"wp","href":"https:\/\/api.w.org\/{rel}","templated":true}]}}