{"id":598131,"date":"2026-02-10T04:04:56","date_gmt":"2026-02-10T02:04:56","guid":{"rendered":"https:\/\/www.myperfectgarden.eu\/p\/malus-domestica-elstar-3\/"},"modified":"2026-04-17T04:10:11","modified_gmt":"2026-04-17T02:10:11","slug":"malus-domestica-elstar-3","status":"publish","type":"product","link":"https:\/\/www.myperfectgarden.eu\/de\/p\/malus-domestica-elstar-3\/","title":{"rendered":"Malus domestica &#8218;Elstar&#8216;"},"content":{"rendered":"<p>Malus Domestica Elstar&#8216; ist einer der bekanntesten Apfelb\u00e4ume in den Niederlanden. Der Elstar-Apfel ist eine bekannte Sorte, die man in jedem Lebensmittelgesch\u00e4ft findet, aber nichts macht mehr Spa\u00df, als diese k\u00f6stliche Frucht im eigenen Garten anzubauen. Der Baum ist selbstbest\u00e4ubend und hat im Fr\u00fchjahr eine wei\u00df-rosa Bl\u00fcte. Die frisch-sauren Hand\u00e4pfel k\u00f6nnen im Herbst gepfl\u00fcckt werden und sind relativ lange haltbar. \u00c4pfel enthalten viele Ballaststoffe, Vitamine und Antioxidantien. Sie ist auch die am h\u00e4ufigsten gegessene Frucht in den Niederlanden.  Es handelt sich um eine ziemlich gro\u00dfe Frucht mit leuchtend roter Farbe und festem, saftigem Fruchtfleisch. Geben Sie ihm Raum, damit er sich zu einem richtigen Baum entwickeln kann. Alle Fr\u00fcchte, auch der Apfel, reifen am besten in der Sonne. Geben Sie ihr also einen sonnigen Platz. Es ist am besten, den Apfelbaum im Winter zu schneiden. Der Apfelbaum ist nicht anf\u00e4llig f\u00fcr Krankheiten und leicht zu pflegen.<\/p>\n","protected":false},"excerpt":{"rendered":"<p>Malus Domestica Elstar&#8216; ist einer der bekanntesten Apfelb\u00e4ume in den Niederlanden. Der Elstar-Apfel ist eine bekannte Sorte, die man in jedem Lebensmittelgesch\u00e4ft findet, aber nichts macht mehr Spa\u00df, als diese k\u00f6stliche Frucht im eigenen Garten anzubauen. Der Baum ist selbstbest\u00e4ubend und hat im Fr\u00fchjahr eine wei\u00df-rosa Bl\u00fcte. Die frisch-sauren Hand\u00e4pfel k\u00f6nnen im Herbst gepfl\u00fcckt werden und sind relativ lange haltbar.<\/p>\n","protected":false},"featured_media":0,"template":"","meta":{"_acf_changed":false},"product_brand":[],"product_cat":[212],"product_tag":[],"class_list":{"0":"post-598131","1":"product","2":"type-product","3":"status-publish","5":"product_cat-100-fruit","6":"pa_bloemvruchtkleur-rot","7":"pa_common-name-apfelbaum","8":"pa_leaf-color-grun","9":"pa_location-halbschattig","10":"pa_location-sonnig","11":"pa_max-height-56","12":"pa_min-height-50-cm","13":"pa_potsize-15-cm-de","15":"first","16":"instock","17":"product-type-simple"},"acf":[],"aioseo_notices":[],"_links":{"self":[{"href":"https:\/\/www.myperfectgarden.eu\/de\/wp-json\/wp\/v2\/product\/598131","targetHints":{"allow":["GET"]}}],"collection":[{"href":"https:\/\/www.myperfectgarden.eu\/de\/wp-json\/wp\/v2\/product"}],"about":[{"href":"https:\/\/www.myperfectgarden.eu\/de\/wp-json\/wp\/v2\/types\/product"}],"wp:attachment":[{"href":"https:\/\/www.myperfectgarden.eu\/de\/wp-json\/wp\/v2\/media?parent=598131"}],"wp:term":[{"taxonomy":"product_brand","embeddable":true,"href":"https:\/\/www.myperfectgarden.eu\/de\/wp-json\/wp\/v2\/product_brand?post=598131"},{"taxonomy":"product_cat","embeddable":true,"href":"https:\/\/www.myperfectgarden.eu\/de\/wp-json\/wp\/v2\/product_cat?post=598131"},{"taxonomy":"product_tag","embeddable":true,"href":"https:\/\/www.myperfectgarden.eu\/de\/wp-json\/wp\/v2\/product_tag?post=598131"}],"curies":[{"name":"wp","href":"https:\/\/api.w.org\/{rel}","templated":true}]}}