{"id":598124,"date":"2026-02-10T04:04:59","date_gmt":"2026-02-10T02:04:59","guid":{"rendered":"https:\/\/www.myperfectgarden.eu\/p\/malus-domestica-elstar-2\/"},"modified":"2026-04-17T04:10:15","modified_gmt":"2026-04-17T02:10:15","slug":"malus-domestica-elstar-2","status":"publish","type":"product","link":"https:\/\/www.myperfectgarden.eu\/de\/p\/malus-domestica-elstar-2\/","title":{"rendered":"Malus domestica &#8218;Elstar&#8216;"},"content":{"rendered":"<p>Leckeres gr\u00fcnes Obst aus 100% biologischem Anbau. Das bedeutet, dass beim Anbau nur pflanzliche und tierische Materialien verwendet wurden. Der Topf und das Etikett bestehen aus recyceltem Kunststoff und sind somit eine saubere L\u00f6sung f\u00fcr die Umwelt.<br \/>\nMalus Domestica Elstar&#8216; ist einer der bekanntesten Apfelb\u00e4ume der Niederlande. Der Elstar-Apfel ist eine bekannte Sorte, die man in jedem Lebensmittelgesch\u00e4ft findet, aber nichts macht mehr Spa\u00df, als diese k\u00f6stliche Frucht im eigenen Garten anzubauen. Der Baum ist selbstbest\u00e4ubend und hat im Fr\u00fchjahr eine wei\u00df-rosa Bl\u00fcte. Die frisch-sauren Hand\u00e4pfel k\u00f6nnen im Herbst gepfl\u00fcckt werden und sind relativ lange haltbar. \u00c4pfel enthalten viele Ballaststoffe, Vitamine und Antioxidantien. Sie ist auch die am h\u00e4ufigsten gegessene Frucht in den Niederlanden.  Es handelt sich um eine ziemlich gro\u00dfe Frucht mit leuchtend roter Farbe und festem, saftigem Fruchtfleisch. Geben Sie ihm Raum, damit er sich zu einem richtigen Baum entwickeln kann. Alle Fr\u00fcchte, auch der Apfel, reifen am besten in der Sonne. Geben Sie ihr also einen sonnigen Platz. Es ist am besten, den Apfelbaum im Winter zu schneiden. Der Apfelbaum ist nicht anf\u00e4llig f\u00fcr Krankheiten und leicht zu pflegen.<\/p>\n","protected":false},"excerpt":{"rendered":"<p>Leckeres gr\u00fcnes Obst aus 100% biologischem Anbau. Das bedeutet, dass beim Anbau nur pflanzliche und tierische Materialien verwendet wurden. Der Topf und das Etikett bestehen aus recyceltem Kunststoff und sind somit eine saubere L\u00f6sung f\u00fcr die Umwelt. Malus Domestica Elstar&#8216; ist einer der bekanntesten Apfelb\u00e4ume der Niederlande. Der Elstar-Apfel ist eine bekannte Sorte, die man [&hellip;]<\/p>\n","protected":false},"featured_media":0,"template":"","meta":{"_acf_changed":false},"product_brand":[],"product_cat":[213],"product_tag":[],"class_list":{"0":"post-598124","1":"product","2":"type-product","3":"status-publish","5":"product_cat-tasty-green","6":"pa_bloemvruchtkleur-rot","7":"pa_common-name-apfelbaum","8":"pa_leaf-color-grun","9":"pa_location-halbschattig","10":"pa_location-sonnig","11":"pa_max-height-56","12":"pa_min-height-100-cm","13":"pa_potsize-23-cm-de","15":"first","16":"instock","17":"product-type-simple"},"acf":[],"aioseo_notices":[],"_links":{"self":[{"href":"https:\/\/www.myperfectgarden.eu\/de\/wp-json\/wp\/v2\/product\/598124","targetHints":{"allow":["GET"]}}],"collection":[{"href":"https:\/\/www.myperfectgarden.eu\/de\/wp-json\/wp\/v2\/product"}],"about":[{"href":"https:\/\/www.myperfectgarden.eu\/de\/wp-json\/wp\/v2\/types\/product"}],"wp:attachment":[{"href":"https:\/\/www.myperfectgarden.eu\/de\/wp-json\/wp\/v2\/media?parent=598124"}],"wp:term":[{"taxonomy":"product_brand","embeddable":true,"href":"https:\/\/www.myperfectgarden.eu\/de\/wp-json\/wp\/v2\/product_brand?post=598124"},{"taxonomy":"product_cat","embeddable":true,"href":"https:\/\/www.myperfectgarden.eu\/de\/wp-json\/wp\/v2\/product_cat?post=598124"},{"taxonomy":"product_tag","embeddable":true,"href":"https:\/\/www.myperfectgarden.eu\/de\/wp-json\/wp\/v2\/product_tag?post=598124"}],"curies":[{"name":"wp","href":"https:\/\/api.w.org\/{rel}","templated":true}]}}