{"id":598038,"date":"2026-02-10T04:06:43","date_gmt":"2026-02-10T02:06:43","guid":{"rendered":"https:\/\/www.myperfectgarden.eu\/p\/liriope-muscari-variegata\/"},"modified":"2026-04-30T04:10:15","modified_gmt":"2026-04-30T02:10:15","slug":"liriope-muscari-variegata","status":"publish","type":"product","link":"https:\/\/www.myperfectgarden.eu\/de\/p\/liriope-muscari-variegata\/","title":{"rendered":"Liriope muscari &#8218;Variegata&#8216;"},"content":{"rendered":"<p>Liriope muscari Variegata&#8216; ist eine immergr\u00fcne Pflanze mit schmalen, gr\u00fcn-wei\u00df gestreiften, grasartigen Bl\u00e4ttern. Die Bl\u00fctezeit von &#8218;Liriope muscari Variegata&#8216; ist von August bis Oktober. In dieser Zeit bildet die Pflanze wundersch\u00f6ne blau-violette Bl\u00fctenb\u00fcschel. Liriope Muscari&#8216; wird 25 bis 30 cm hoch und ist damit ein perfekter, niedrig wachsender Bodendecker unter B\u00fcschen und kleinen B\u00e4umen. Das Liliengras steht gerne im Schatten und braucht keinen R\u00fcckschnitt.<\/p>\n","protected":false},"excerpt":{"rendered":"<p>Liriope muscari Variegata&#8216; ist eine immergr\u00fcne Pflanze mit schmalen, gr\u00fcn-wei\u00df gestreiften, grasartigen Bl\u00e4ttern. Die Bl\u00fctezeit von &#8218;Liriope muscari Variegata&#8216; ist von August bis Oktober. In dieser Zeit bildet die Pflanze wundersch\u00f6ne blau-violette Bl\u00fctenb\u00fcschel. Liriope Muscari&#8216; wird 25 bis 30 cm hoch und ist damit ein perfekter, niedrig wachsender Bodendecker unter B\u00fcschen und kleinen B\u00e4umen. Das [&hellip;]<\/p>\n","protected":false},"featured_media":0,"template":"","meta":{"_acf_changed":false},"product_brand":[],"product_cat":[22,288],"product_tag":[],"class_list":{"0":"post-598038","1":"product","2":"type-product","3":"status-publish","5":"product_cat-elegrass","6":"product_cat-hardy-and-evergreen","7":"pa_bloemvruchtkleur-lila-de","8":"pa_bloemvruchtkleur-paars","9":"pa_common-name-lilientraube","10":"pa_leaf-color-grun","11":"pa_location-halbschattig","12":"pa_location-schattig","13":"pa_max-height-86","14":"pa_min-height-30-cm","15":"pa_potsize-14-cm","17":"first","18":"instock","19":"product-type-simple"},"acf":[],"aioseo_notices":[],"_links":{"self":[{"href":"https:\/\/www.myperfectgarden.eu\/de\/wp-json\/wp\/v2\/product\/598038","targetHints":{"allow":["GET"]}}],"collection":[{"href":"https:\/\/www.myperfectgarden.eu\/de\/wp-json\/wp\/v2\/product"}],"about":[{"href":"https:\/\/www.myperfectgarden.eu\/de\/wp-json\/wp\/v2\/types\/product"}],"wp:attachment":[{"href":"https:\/\/www.myperfectgarden.eu\/de\/wp-json\/wp\/v2\/media?parent=598038"}],"wp:term":[{"taxonomy":"product_brand","embeddable":true,"href":"https:\/\/www.myperfectgarden.eu\/de\/wp-json\/wp\/v2\/product_brand?post=598038"},{"taxonomy":"product_cat","embeddable":true,"href":"https:\/\/www.myperfectgarden.eu\/de\/wp-json\/wp\/v2\/product_cat?post=598038"},{"taxonomy":"product_tag","embeddable":true,"href":"https:\/\/www.myperfectgarden.eu\/de\/wp-json\/wp\/v2\/product_tag?post=598038"}],"curies":[{"name":"wp","href":"https:\/\/api.w.org\/{rel}","templated":true}]}}