{"id":598028,"date":"2026-02-10T04:06:49","date_gmt":"2026-02-10T02:06:49","guid":{"rendered":"https:\/\/www.myperfectgarden.eu\/p\/miscanthus-sinensis-strictus-dwarf-2\/"},"modified":"2026-04-16T04:12:22","modified_gmt":"2026-04-16T02:12:22","slug":"miscanthus-sinensis-strictus-dwarf-2","status":"publish","type":"product","link":"https:\/\/www.myperfectgarden.eu\/de\/p\/miscanthus-sinensis-strictus-dwarf-2\/","title":{"rendered":"Miscanthus sinensis &#8218;Strictus Dwarf&#8216;"},"content":{"rendered":"<p>Miscanthus Sinensis Strictus Dwarf ist ein Ziergras mit einem kompakten, aufrechten Wuchs. Der &#8218;Yakushima Dwarf&#8216; bleibt etwas niedriger als die meisten &#8218;Miscanthus&#8216;-Arten. Die H\u00f6he dieser Pflanze liegt zwischen 80 und 100 cm. Er hat unregelm\u00e4\u00dfige gelbe Flecken auf den Bl\u00e4ttern. Dieses sch\u00f6ne Schilf bl\u00fcht im September und Oktober und hat rotbraune Federn, die bis zum Winter an der Pflanze bleiben. Die Federn erheben sich anmutig \u00fcber die Bl\u00e4tter und verleihen Ihrem Garten das gewisse Etwas. Sie bevorzugt einen sonnigen Standort in gut durchl\u00e4ssigem Boden. Strictus Dwarf&#8216; ist winterhart, verliert aber die Bl\u00e4tter und treibt im Fr\u00fchjahr wieder aus. Strictus Dwarf&#8216; macht sich gut als Einzelpflanze, in der Ecke eines Beetes oder in einem Topf auf der Terrasse oder dem Balkon. Schneiden Sie die Pflanze im zeitigen Fr\u00fchjahr bis auf 10 cm \u00fcber dem Boden zur\u00fcck.<\/p>\n","protected":false},"excerpt":{"rendered":"<p>Miscanthus Sinensis Strictus Dwarf ist ein Ziergras mit einem kompakten, aufrechten Wuchs. Der &#8218;Yakushima Dwarf&#8216; bleibt etwas niedriger als die meisten &#8218;Miscanthus&#8216;-Arten. Die H\u00f6he dieser Pflanze liegt zwischen 80 und 100 cm. Er hat unregelm\u00e4\u00dfige gelbe Flecken auf den Bl\u00e4ttern. Dieses sch\u00f6ne Schilf bl\u00fcht im September und Oktober und hat rotbraune Federn, die bis zum [&hellip;]<\/p>\n","protected":false},"featured_media":0,"template":"","meta":{"_acf_changed":false},"product_brand":[],"product_cat":[22,289],"product_tag":[],"class_list":{"0":"post-598028","1":"product","2":"type-product","3":"status-publish","5":"product_cat-elegrass","6":"product_cat-hardy-ornamentals","7":"pa_bloemvruchtkleur-grun","8":"pa_common-name-chinaschilf-silber-chinaschilf","9":"pa_common-name-prachtriet","10":"pa_leaf-color-grun","11":"pa_location-halbschattig","12":"pa_location-sonnig","13":"pa_max-height-100-de","14":"pa_min-height-30-cm","15":"pa_potsize-14-cm","17":"first","18":"instock","19":"product-type-simple"},"acf":[],"aioseo_notices":[],"_links":{"self":[{"href":"https:\/\/www.myperfectgarden.eu\/de\/wp-json\/wp\/v2\/product\/598028","targetHints":{"allow":["GET"]}}],"collection":[{"href":"https:\/\/www.myperfectgarden.eu\/de\/wp-json\/wp\/v2\/product"}],"about":[{"href":"https:\/\/www.myperfectgarden.eu\/de\/wp-json\/wp\/v2\/types\/product"}],"wp:attachment":[{"href":"https:\/\/www.myperfectgarden.eu\/de\/wp-json\/wp\/v2\/media?parent=598028"}],"wp:term":[{"taxonomy":"product_brand","embeddable":true,"href":"https:\/\/www.myperfectgarden.eu\/de\/wp-json\/wp\/v2\/product_brand?post=598028"},{"taxonomy":"product_cat","embeddable":true,"href":"https:\/\/www.myperfectgarden.eu\/de\/wp-json\/wp\/v2\/product_cat?post=598028"},{"taxonomy":"product_tag","embeddable":true,"href":"https:\/\/www.myperfectgarden.eu\/de\/wp-json\/wp\/v2\/product_tag?post=598028"}],"curies":[{"name":"wp","href":"https:\/\/api.w.org\/{rel}","templated":true}]}}