{"id":598014,"date":"2026-02-10T04:06:55","date_gmt":"2026-02-10T02:06:55","guid":{"rendered":"https:\/\/www.myperfectgarden.eu\/p\/cordyline-x-festival-burgundy-2\/"},"modified":"2026-04-19T04:12:22","modified_gmt":"2026-04-19T02:12:22","slug":"cordyline-x-festival-burgundy-2","status":"publish","type":"product","link":"https:\/\/www.myperfectgarden.eu\/de\/p\/cordyline-x-festival-burgundy-2\/","title":{"rendered":"Cordyline x &#8218;Festival\u00ae Burgundy&#8216;"},"content":{"rendered":"<p>Leuchtend burgunderrote Bl\u00e4tter erzeugen einen dramatischen und auff\u00e4lligen grasartigen Effekt mit langen gebogenen Bl\u00e4ttern. Im Sommer erscheinen kleine wei\u00dfe Bl\u00fcten auf dunkelroten St\u00e4ngeln. Spektakul\u00e4r kombiniert mit farbenfrohen Bl\u00e4ttern und Bl\u00fcten. Pflanzen Sie die Pflanze in Verwehungszonen entlang von Gehwegen oder in Fundamentpflanzungen. Eine k\u00fchne architektonische Form in Containerg\u00e4rten. Immergr\u00fcn.<\/p>\n","protected":false},"excerpt":{"rendered":"<p>Leuchtend burgunderrote Bl\u00e4tter erzeugen einen dramatischen und auff\u00e4lligen grasartigen Effekt mit langen gebogenen Bl\u00e4ttern. Im Sommer erscheinen kleine wei\u00dfe Bl\u00fcten auf dunkelroten St\u00e4ngeln. Spektakul\u00e4r kombiniert mit farbenfrohen Bl\u00e4ttern und Bl\u00fcten. Pflanzen Sie die Pflanze in Verwehungszonen entlang von Gehwegen oder in Fundamentpflanzungen. Eine k\u00fchne architektonische Form in Containerg\u00e4rten. Immergr\u00fcn.<\/p>\n","protected":false},"featured_media":0,"template":"","meta":{"_acf_changed":false},"product_brand":[],"product_cat":[22,247],"product_tag":[],"class_list":{"0":"post-598014","1":"product","2":"type-product","3":"status-publish","5":"product_cat-elegrass","6":"product_cat-super-easy-care","7":"pa_bloemvruchtkleur-grun-weiss","8":"pa_bloemvruchtkleur-wit","9":"pa_common-name-keulenlilie","10":"pa_leaf-color-rot","11":"pa_location-halbschattig","12":"pa_location-sonnig","13":"pa_max-height-17","14":"pa_min-height-70-cm","15":"pa_potsize-23-cm-de","17":"first","18":"instock","19":"product-type-simple"},"acf":[],"aioseo_notices":[],"_links":{"self":[{"href":"https:\/\/www.myperfectgarden.eu\/de\/wp-json\/wp\/v2\/product\/598014","targetHints":{"allow":["GET"]}}],"collection":[{"href":"https:\/\/www.myperfectgarden.eu\/de\/wp-json\/wp\/v2\/product"}],"about":[{"href":"https:\/\/www.myperfectgarden.eu\/de\/wp-json\/wp\/v2\/types\/product"}],"wp:attachment":[{"href":"https:\/\/www.myperfectgarden.eu\/de\/wp-json\/wp\/v2\/media?parent=598014"}],"wp:term":[{"taxonomy":"product_brand","embeddable":true,"href":"https:\/\/www.myperfectgarden.eu\/de\/wp-json\/wp\/v2\/product_brand?post=598014"},{"taxonomy":"product_cat","embeddable":true,"href":"https:\/\/www.myperfectgarden.eu\/de\/wp-json\/wp\/v2\/product_cat?post=598014"},{"taxonomy":"product_tag","embeddable":true,"href":"https:\/\/www.myperfectgarden.eu\/de\/wp-json\/wp\/v2\/product_tag?post=598014"}],"curies":[{"name":"wp","href":"https:\/\/api.w.org\/{rel}","templated":true}]}}