{"id":598012,"date":"2026-02-10T04:06:57","date_gmt":"2026-02-10T02:06:57","guid":{"rendered":"https:\/\/www.myperfectgarden.eu\/p\/miscanthus-sinensis-giganteus\/"},"modified":"2026-05-12T04:10:20","modified_gmt":"2026-05-12T02:10:20","slug":"miscanthus-sinensis-giganteus","status":"publish","type":"product","link":"https:\/\/www.myperfectgarden.eu\/de\/p\/miscanthus-sinensis-giganteus\/","title":{"rendered":"Miscanthus sinensis &#8218;Giganteus&#8216;"},"content":{"rendered":"<p>Gro\u00dfer gr\u00fcner Miscanthus-Riese, der sch\u00f6ne gro\u00dfe gr\u00fcne schilfartige St\u00e4ngel treibt<\/p>\n","protected":false},"excerpt":{"rendered":"<p>Gro\u00dfer gr\u00fcner Miscanthus-Riese, der sch\u00f6ne gro\u00dfe gr\u00fcne schilfartige St\u00e4ngel treibt<\/p>\n","protected":false},"featured_media":0,"template":"","meta":{"_acf_changed":false},"product_brand":[],"product_cat":[22,289],"product_tag":[],"class_list":{"0":"post-598012","1":"product","2":"type-product","3":"status-publish","5":"product_cat-elegrass","6":"product_cat-hardy-ornamentals","7":"pa_bloemvruchtkleur-grun","8":"pa_common-name-chinaschilf-silber-chinaschilf","9":"pa_common-name-prachtriet","10":"pa_leaf-color-grun","11":"pa_location-halbschattig","12":"pa_location-sonnig","13":"pa_max-height-56","14":"pa_min-height-70-cm","15":"pa_potsize-23-cm-de","17":"first","18":"instock","19":"product-type-simple"},"acf":[],"aioseo_notices":[],"_links":{"self":[{"href":"https:\/\/www.myperfectgarden.eu\/de\/wp-json\/wp\/v2\/product\/598012","targetHints":{"allow":["GET"]}}],"collection":[{"href":"https:\/\/www.myperfectgarden.eu\/de\/wp-json\/wp\/v2\/product"}],"about":[{"href":"https:\/\/www.myperfectgarden.eu\/de\/wp-json\/wp\/v2\/types\/product"}],"wp:attachment":[{"href":"https:\/\/www.myperfectgarden.eu\/de\/wp-json\/wp\/v2\/media?parent=598012"}],"wp:term":[{"taxonomy":"product_brand","embeddable":true,"href":"https:\/\/www.myperfectgarden.eu\/de\/wp-json\/wp\/v2\/product_brand?post=598012"},{"taxonomy":"product_cat","embeddable":true,"href":"https:\/\/www.myperfectgarden.eu\/de\/wp-json\/wp\/v2\/product_cat?post=598012"},{"taxonomy":"product_tag","embeddable":true,"href":"https:\/\/www.myperfectgarden.eu\/de\/wp-json\/wp\/v2\/product_tag?post=598012"}],"curies":[{"name":"wp","href":"https:\/\/api.w.org\/{rel}","templated":true}]}}