{"id":598003,"date":"2026-02-10T04:08:02","date_gmt":"2026-02-10T02:08:02","guid":{"rendered":"https:\/\/www.myperfectgarden.eu\/p\/phormium-tenax-sundowner-2\/"},"modified":"2026-05-13T04:10:18","modified_gmt":"2026-05-13T02:10:18","slug":"phormium-tenax-sundowner-2","status":"publish","type":"product","link":"https:\/\/www.myperfectgarden.eu\/de\/p\/phormium-tenax-sundowner-2\/","title":{"rendered":"Phormium tenax &#8218;Sundowner&#8216;"},"content":{"rendered":"<p>Sundowner&#8216; ist eine immergr\u00fcne Staude, die aufrechte, bis zu 1 m hohe Bl\u00e4tter bildet, die an den R\u00e4ndern bronzegr\u00fcn, rot und rosa gef\u00e4rbt sind. Bl\u00fcten gelblich, selten gebildet<\/p>\n","protected":false},"excerpt":{"rendered":"<p>Sundowner&#8216; ist eine immergr\u00fcne Staude, die aufrechte, bis zu 1 m hohe Bl\u00e4tter bildet, die an den R\u00e4ndern bronzegr\u00fcn, rot und rosa gef\u00e4rbt sind. Bl\u00fcten gelblich, selten gebildet<\/p>\n","protected":false},"featured_media":0,"template":"","meta":{"_acf_changed":false},"product_brand":[],"product_cat":[22,247],"product_tag":[],"class_list":{"0":"post-598003","1":"product","2":"type-product","3":"status-publish","5":"product_cat-elegrass","6":"product_cat-super-easy-care","7":"pa_bloemvruchtkleur-n-v-t","8":"pa_bloemvruchtkleur-rot","9":"pa_common-name-neuseelandischer-flachs","10":"pa_leaf-color-rotgrun","11":"pa_location-halbschattig","12":"pa_location-sonnig","13":"pa_max-height-100-de","14":"pa_min-height-30-cm","15":"pa_potsize-14-cm","17":"first","18":"instock","19":"product-type-simple"},"acf":[],"aioseo_notices":[],"_links":{"self":[{"href":"https:\/\/www.myperfectgarden.eu\/de\/wp-json\/wp\/v2\/product\/598003","targetHints":{"allow":["GET"]}}],"collection":[{"href":"https:\/\/www.myperfectgarden.eu\/de\/wp-json\/wp\/v2\/product"}],"about":[{"href":"https:\/\/www.myperfectgarden.eu\/de\/wp-json\/wp\/v2\/types\/product"}],"wp:attachment":[{"href":"https:\/\/www.myperfectgarden.eu\/de\/wp-json\/wp\/v2\/media?parent=598003"}],"wp:term":[{"taxonomy":"product_brand","embeddable":true,"href":"https:\/\/www.myperfectgarden.eu\/de\/wp-json\/wp\/v2\/product_brand?post=598003"},{"taxonomy":"product_cat","embeddable":true,"href":"https:\/\/www.myperfectgarden.eu\/de\/wp-json\/wp\/v2\/product_cat?post=598003"},{"taxonomy":"product_tag","embeddable":true,"href":"https:\/\/www.myperfectgarden.eu\/de\/wp-json\/wp\/v2\/product_tag?post=598003"}],"curies":[{"name":"wp","href":"https:\/\/api.w.org\/{rel}","templated":true}]}}