{"id":598001,"date":"2026-02-10T04:08:04","date_gmt":"2026-02-10T02:08:04","guid":{"rendered":"https:\/\/www.myperfectgarden.eu\/p\/helleborus-sternii-silver-dollar\/"},"modified":"2026-04-15T04:12:34","modified_gmt":"2026-04-15T02:12:34","slug":"helleborus-sternii-silver-dollar","status":"publish","type":"product","link":"https:\/\/www.myperfectgarden.eu\/de\/p\/helleborus-sternii-silver-dollar\/","title":{"rendered":"Helleborus sternii &#8218;Silver Dollar&#8216;"},"content":{"rendered":"<p>Diese immergr\u00fcne Christrose hat sch\u00f6ne graugr\u00fcne, gezackte Bl\u00e4tter und rot gef\u00e4rbte Stiele. Die hellgr\u00fcnen Bl\u00fcten haben eine rot-violette F\u00e4rbung und sind in einer gro\u00dfen Traube an einem kr\u00e4ftigen Bl\u00fctenstiel angeordnet. M\u00e4\u00dfig widerstandsf\u00e4hig gegen strengen Frost, treibt aber in der Regel wieder aus.<\/p>\n","protected":false},"excerpt":{"rendered":"<p>Diese immergr\u00fcne Christrose hat sch\u00f6ne graugr\u00fcne, gezackte Bl\u00e4tter und rot gef\u00e4rbte Stiele. Die hellgr\u00fcnen Bl\u00fcten haben eine rot-violette F\u00e4rbung und sind in einer gro\u00dfen Traube an einem kr\u00e4ftigen Bl\u00fctenstiel angeordnet. M\u00e4\u00dfig widerstandsf\u00e4hig gegen strengen Frost, treibt aber in der Regel wieder aus.<\/p>\n","protected":false},"featured_media":0,"template":"","meta":{"_acf_changed":false},"product_brand":[],"product_cat":[55],"product_tag":[],"class_list":{"0":"post-598001","1":"product","2":"type-product","3":"status-publish","5":"product_cat-hello-helleborus","6":"pa_bloemvruchtkleur-grun","7":"pa_common-name-nieswurz","8":"pa_leaf-color-grun","9":"pa_location-halbschattig","10":"pa_max-height-86","11":"pa_min-height-30-cm","12":"pa_potsize-14-cm","14":"first","15":"instock","16":"product-type-simple"},"acf":[],"aioseo_notices":[],"_links":{"self":[{"href":"https:\/\/www.myperfectgarden.eu\/de\/wp-json\/wp\/v2\/product\/598001","targetHints":{"allow":["GET"]}}],"collection":[{"href":"https:\/\/www.myperfectgarden.eu\/de\/wp-json\/wp\/v2\/product"}],"about":[{"href":"https:\/\/www.myperfectgarden.eu\/de\/wp-json\/wp\/v2\/types\/product"}],"wp:attachment":[{"href":"https:\/\/www.myperfectgarden.eu\/de\/wp-json\/wp\/v2\/media?parent=598001"}],"wp:term":[{"taxonomy":"product_brand","embeddable":true,"href":"https:\/\/www.myperfectgarden.eu\/de\/wp-json\/wp\/v2\/product_brand?post=598001"},{"taxonomy":"product_cat","embeddable":true,"href":"https:\/\/www.myperfectgarden.eu\/de\/wp-json\/wp\/v2\/product_cat?post=598001"},{"taxonomy":"product_tag","embeddable":true,"href":"https:\/\/www.myperfectgarden.eu\/de\/wp-json\/wp\/v2\/product_tag?post=598001"}],"curies":[{"name":"wp","href":"https:\/\/api.w.org\/{rel}","templated":true}]}}