{"id":597992,"date":"2026-02-10T04:08:08","date_gmt":"2026-02-10T02:08:08","guid":{"rendered":"https:\/\/www.myperfectgarden.eu\/p\/helleborus-foetidus\/"},"modified":"2026-04-16T04:14:02","modified_gmt":"2026-04-16T02:14:02","slug":"helleborus-foetidus","status":"publish","type":"product","link":"https:\/\/www.myperfectgarden.eu\/de\/p\/helleborus-foetidus\/","title":{"rendered":"Helleborus foetidus"},"content":{"rendered":"<p>Helleborus foetidus hat tief eingeschnittene Bl\u00e4tter, die an Palmwedel erinnern. Die gr\u00fcnlichen Bl\u00fcten sind von Dezember\/Januar bis zum Fr\u00fchjahr zu sehen.<\/p>\n","protected":false},"excerpt":{"rendered":"<p>Helleborus foetidus hat tief eingeschnittene Bl\u00e4tter, die an Palmwedel erinnern. Die gr\u00fcnlichen Bl\u00fcten sind von Dezember\/Januar bis zum Fr\u00fchjahr zu sehen.<\/p>\n","protected":false},"featured_media":0,"template":"","meta":{"_acf_changed":false},"product_brand":[],"product_cat":[55],"product_tag":[],"class_list":{"0":"post-597992","1":"product","2":"type-product","3":"status-publish","5":"product_cat-hello-helleborus","6":"pa_bloemvruchtkleur-grun","7":"pa_common-name-nieswurz","8":"pa_leaf-color-grun","9":"pa_location-halbschattig","10":"pa_max-height-41","11":"pa_min-height-30-cm","12":"pa_potsize-14-cm","14":"first","15":"instock","16":"product-type-simple"},"acf":[],"aioseo_notices":[],"_links":{"self":[{"href":"https:\/\/www.myperfectgarden.eu\/de\/wp-json\/wp\/v2\/product\/597992","targetHints":{"allow":["GET"]}}],"collection":[{"href":"https:\/\/www.myperfectgarden.eu\/de\/wp-json\/wp\/v2\/product"}],"about":[{"href":"https:\/\/www.myperfectgarden.eu\/de\/wp-json\/wp\/v2\/types\/product"}],"wp:attachment":[{"href":"https:\/\/www.myperfectgarden.eu\/de\/wp-json\/wp\/v2\/media?parent=597992"}],"wp:term":[{"taxonomy":"product_brand","embeddable":true,"href":"https:\/\/www.myperfectgarden.eu\/de\/wp-json\/wp\/v2\/product_brand?post=597992"},{"taxonomy":"product_cat","embeddable":true,"href":"https:\/\/www.myperfectgarden.eu\/de\/wp-json\/wp\/v2\/product_cat?post=597992"},{"taxonomy":"product_tag","embeddable":true,"href":"https:\/\/www.myperfectgarden.eu\/de\/wp-json\/wp\/v2\/product_tag?post=597992"}],"curies":[{"name":"wp","href":"https:\/\/api.w.org\/{rel}","templated":true}]}}