{"id":597988,"date":"2026-02-10T04:08:09","date_gmt":"2026-02-10T02:08:09","guid":{"rendered":"https:\/\/www.myperfectgarden.eu\/p\/helleborus-lividus-lilac-marble\/"},"modified":"2026-04-19T04:12:48","modified_gmt":"2026-04-19T02:12:48","slug":"helleborus-lividus-lilac-marble","status":"publish","type":"product","link":"https:\/\/www.myperfectgarden.eu\/de\/p\/helleborus-lividus-lilac-marble\/","title":{"rendered":"Helleborus lividus &#8218;Lilac Marble&#8216;"},"content":{"rendered":"<p>Helleborus lividus ist eine kompakte, immergr\u00fcne Staude mit gr\u00fcnlich-wei\u00df marmorierten Bl\u00e4ttern und gr\u00fcnlich-violetten Bl\u00fcten. Eine bezaubernde Pflanze, die im Winter als Topfpflanze in einem k\u00fchlen Raum bewundert oder im Freien gezogen werden kann. Diese Helleborus-Pflanzen werden in knospiger\/bl\u00fchender Form geliefert und sind eine ungew\u00f6hnlich charmante Staude f\u00fcr Ihre Beete und Rabatten.<\/p>\n","protected":false},"excerpt":{"rendered":"<p>Helleborus lividus ist eine kompakte, immergr\u00fcne Staude mit gr\u00fcnlich-wei\u00df marmorierten Bl\u00e4ttern und gr\u00fcnlich-violetten Bl\u00fcten. Eine bezaubernde Pflanze, die im Winter als Topfpflanze in einem k\u00fchlen Raum bewundert oder im Freien gezogen werden kann. Diese Helleborus-Pflanzen werden in knospiger\/bl\u00fchender Form geliefert und sind eine ungew\u00f6hnlich charmante Staude f\u00fcr Ihre Beete und Rabatten.<\/p>\n","protected":false},"featured_media":0,"template":"","meta":{"_acf_changed":false},"product_brand":[],"product_cat":[55],"product_tag":[],"class_list":{"0":"post-597988","1":"product","2":"type-product","3":"status-publish","5":"product_cat-hello-helleborus","6":"pa_bloemvruchtkleur-gruen-lila","7":"pa_common-name-nieswurz","8":"pa_leaf-color-grun","9":"pa_location-halbschattig","10":"pa_max-height-86","11":"pa_min-height-30-cm","12":"pa_potsize-14-cm","14":"first","15":"instock","16":"product-type-simple"},"acf":[],"aioseo_notices":[],"_links":{"self":[{"href":"https:\/\/www.myperfectgarden.eu\/de\/wp-json\/wp\/v2\/product\/597988","targetHints":{"allow":["GET"]}}],"collection":[{"href":"https:\/\/www.myperfectgarden.eu\/de\/wp-json\/wp\/v2\/product"}],"about":[{"href":"https:\/\/www.myperfectgarden.eu\/de\/wp-json\/wp\/v2\/types\/product"}],"wp:attachment":[{"href":"https:\/\/www.myperfectgarden.eu\/de\/wp-json\/wp\/v2\/media?parent=597988"}],"wp:term":[{"taxonomy":"product_brand","embeddable":true,"href":"https:\/\/www.myperfectgarden.eu\/de\/wp-json\/wp\/v2\/product_brand?post=597988"},{"taxonomy":"product_cat","embeddable":true,"href":"https:\/\/www.myperfectgarden.eu\/de\/wp-json\/wp\/v2\/product_cat?post=597988"},{"taxonomy":"product_tag","embeddable":true,"href":"https:\/\/www.myperfectgarden.eu\/de\/wp-json\/wp\/v2\/product_tag?post=597988"}],"curies":[{"name":"wp","href":"https:\/\/api.w.org\/{rel}","templated":true}]}}