{"id":597977,"date":"2026-02-10T04:08:14","date_gmt":"2026-02-10T02:08:14","guid":{"rendered":"https:\/\/www.myperfectgarden.eu\/p\/helleborus-sternii\/"},"modified":"2026-04-29T04:14:03","modified_gmt":"2026-04-29T02:14:03","slug":"helleborus-sternii","status":"publish","type":"product","link":"https:\/\/www.myperfectgarden.eu\/de\/p\/helleborus-sternii\/","title":{"rendered":"Helleborus sternii"},"content":{"rendered":"<p>Es handelt sich um eine mehrj\u00e4hrige, b\u00fcschelbildende Pflanze mit sehr robusten, grobkantigen, dunkelgr\u00fcnen Bl\u00e4ttern. Helleborus sternii ist ebenfalls immergr\u00fcn. Die maximale H\u00f6he betr\u00e4gt 30 cm. Die ersten Bl\u00fcten erscheinen ab Januar. Sie sind rosa mit einem gr\u00fcnen Schimmer und bilden einen sch\u00f6nen Kontrast zum dunkelgr\u00fcnen Blatt. Die Bl\u00fcte kann bis April andauern. Helleborus sternii ben\u00f6tigt einen sonnigen Standort in feuchtem Boden. Im Prinzip ist die Pflanze recht winterhart, aber es ist ratsam, sie bei strengem Frost abzudecken, um Frostsch\u00e4den an den jungen Bl\u00fctenknospen zu vermeiden. Die Pflanze ben\u00f6tigt wenig oder keine weitere Pflege.<\/p>\n","protected":false},"excerpt":{"rendered":"<p>Es handelt sich um eine mehrj\u00e4hrige, b\u00fcschelbildende Pflanze mit sehr robusten, grobkantigen, dunkelgr\u00fcnen Bl\u00e4ttern. Helleborus sternii ist ebenfalls immergr\u00fcn. Die maximale H\u00f6he betr\u00e4gt 30 cm. Die ersten Bl\u00fcten erscheinen ab Januar. Sie sind rosa mit einem gr\u00fcnen Schimmer und bilden einen sch\u00f6nen Kontrast zum dunkelgr\u00fcnen Blatt. Die Bl\u00fcte kann bis April andauern. Helleborus sternii ben\u00f6tigt [&hellip;]<\/p>\n","protected":false},"featured_media":0,"template":"","meta":{"_acf_changed":false},"product_brand":[],"product_cat":[55],"product_tag":[],"class_list":{"0":"post-597977","1":"product","2":"type-product","3":"status-publish","5":"product_cat-hello-helleborus","6":"pa_bloemvruchtkleur-rosa","7":"pa_common-name-nieswurz","8":"pa_leaf-color-grun","9":"pa_location-halbschattig","10":"pa_max-height-86","11":"pa_min-height-30-cm","12":"pa_potsize-14-cm","14":"first","15":"instock","16":"product-type-simple"},"acf":[],"aioseo_notices":[],"_links":{"self":[{"href":"https:\/\/www.myperfectgarden.eu\/de\/wp-json\/wp\/v2\/product\/597977","targetHints":{"allow":["GET"]}}],"collection":[{"href":"https:\/\/www.myperfectgarden.eu\/de\/wp-json\/wp\/v2\/product"}],"about":[{"href":"https:\/\/www.myperfectgarden.eu\/de\/wp-json\/wp\/v2\/types\/product"}],"wp:attachment":[{"href":"https:\/\/www.myperfectgarden.eu\/de\/wp-json\/wp\/v2\/media?parent=597977"}],"wp:term":[{"taxonomy":"product_brand","embeddable":true,"href":"https:\/\/www.myperfectgarden.eu\/de\/wp-json\/wp\/v2\/product_brand?post=597977"},{"taxonomy":"product_cat","embeddable":true,"href":"https:\/\/www.myperfectgarden.eu\/de\/wp-json\/wp\/v2\/product_cat?post=597977"},{"taxonomy":"product_tag","embeddable":true,"href":"https:\/\/www.myperfectgarden.eu\/de\/wp-json\/wp\/v2\/product_tag?post=597977"}],"curies":[{"name":"wp","href":"https:\/\/api.w.org\/{rel}","templated":true}]}}