{"id":597961,"date":"2026-02-10T04:08:21","date_gmt":"2026-02-10T02:08:21","guid":{"rendered":"https:\/\/www.myperfectgarden.eu\/p\/helleborus-dacaya\/"},"modified":"2026-04-30T04:12:13","modified_gmt":"2026-04-30T02:12:13","slug":"helleborus-dacaya","status":"publish","type":"product","link":"https:\/\/www.myperfectgarden.eu\/de\/p\/helleborus-dacaya\/","title":{"rendered":"Helleborus &#8218;Dacaya&#8217;\u00ae"},"content":{"rendered":"<p>Helleborus Dacaya bl\u00fcht reichlich von Oktober bis M\u00e4rz. Die Bl\u00fcten sind rot bis tiefrot gef\u00e4rbt. Die Bl\u00fctentrauben entwickeln sich weiter. Diese winterharte Pflanze ist robust, frei von Krankheiten und pflegeleicht.<\/p>\n","protected":false},"excerpt":{"rendered":"<p>Helleborus Dacaya bl\u00fcht reichlich von Oktober bis M\u00e4rz. Die Bl\u00fcten sind rot bis tiefrot gef\u00e4rbt. Die Bl\u00fctentrauben entwickeln sich weiter. Diese winterharte Pflanze ist robust, frei von Krankheiten und pflegeleicht.<\/p>\n","protected":false},"featured_media":0,"template":"","meta":{"_acf_changed":false},"product_brand":[],"product_cat":[55],"product_tag":[],"class_list":{"0":"post-597961","1":"product","2":"type-product","3":"status-publish","5":"product_cat-hello-helleborus","6":"pa_bloemvruchtkleur-rosa","7":"pa_common-name-lenzrose","8":"pa_common-name-nieskruid","9":"pa_leaf-color-grun","10":"pa_location-halbschattig","11":"pa_max-height-86","12":"pa_min-height-45-cm-de","13":"pa_potsize-19-cm-de","15":"first","16":"instock","17":"product-type-simple"},"acf":[],"aioseo_notices":[],"_links":{"self":[{"href":"https:\/\/www.myperfectgarden.eu\/de\/wp-json\/wp\/v2\/product\/597961","targetHints":{"allow":["GET"]}}],"collection":[{"href":"https:\/\/www.myperfectgarden.eu\/de\/wp-json\/wp\/v2\/product"}],"about":[{"href":"https:\/\/www.myperfectgarden.eu\/de\/wp-json\/wp\/v2\/types\/product"}],"wp:attachment":[{"href":"https:\/\/www.myperfectgarden.eu\/de\/wp-json\/wp\/v2\/media?parent=597961"}],"wp:term":[{"taxonomy":"product_brand","embeddable":true,"href":"https:\/\/www.myperfectgarden.eu\/de\/wp-json\/wp\/v2\/product_brand?post=597961"},{"taxonomy":"product_cat","embeddable":true,"href":"https:\/\/www.myperfectgarden.eu\/de\/wp-json\/wp\/v2\/product_cat?post=597961"},{"taxonomy":"product_tag","embeddable":true,"href":"https:\/\/www.myperfectgarden.eu\/de\/wp-json\/wp\/v2\/product_tag?post=597961"}],"curies":[{"name":"wp","href":"https:\/\/api.w.org\/{rel}","templated":true}]}}